{"id":15,"date":"2022-03-29T09:11:59","date_gmt":"2022-03-29T09:11:59","guid":{"rendered":"https:\/\/startersites.io\/blocksy\/cleaning-service\/?page_id=15"},"modified":"2026-02-19T13:56:26","modified_gmt":"2026-02-19T13:56:26","slug":"contact","status":"publish","type":"page","link":"https:\/\/www.kutahyataksici.com.tr\/index.php\/contact\/","title":{"rendered":"\u0130LET\u0130\u015e\u0130M"},"content":{"rendered":"\n<div class=\"wp-block-stackable-spacer stk-block-spacer stk--no-padding stk-block stk-50927f2\" id=\"house-cleaning\" data-block-id=\"50927f2\"><style>.stk-50927f2 {height:100px !important;}@media screen and (max-width:999px){.stk-50927f2 {height:70px !important;}}<\/style><\/div>\n\n\n\n<div class=\"wp-block-stackable-columns stk-block-columns stk-block stk-2279397\" data-block-id=\"2279397\"><style>.stk-2279397 {margin-bottom:0px !important;}.stk-2279397-column{--stk-column-gap:50px !important;row-gap:50px !important;}<\/style><div class=\"stk-row stk-inner-blocks stk-block-content stk-content-align stk-2279397-column\">\n<div class=\"wp-block-stackable-column stk-block-column stk-column stk-block stk-89c257c stk-block-background\" data-v=\"4\" data-block-id=\"89c257c\"><style>.stk-89c257c-container{margin-top:0px !important;margin-right:0px !important;margin-bottom:0px !important;margin-left:0px !important;}.stk-89c257c {background-color:var(--theme-palette-color-4, #0a0500) !important;border-color:var(--theme-palette-color-5, #edeff2) !important;padding-top:0px !important;padding-right:0px !important;padding-bottom:0px !important;padding-left:0px !important;}.stk-89c257c:before{background-color:var(--theme-palette-color-4, #0a0500) !important;}@media screen and (min-width:690px){.stk-89c257c {flex:var(--stk-flex-grow, 1) 1 calc(40% - var(--stk-column-gap, 0px) * 1 \/ 2 ) !important;}}@media screen and (min-width:690px) and (max-width:999px){.stk-89c257c {flex:var(--stk-flex-grow, 1) 1 calc(100% - var(--stk-column-gap, 0px) * 0 \/ 1 ) !important;}}<\/style><div class=\"stk-column-wrapper stk-block-column__content stk-container stk-89c257c-container stk--no-background stk--no-padding\"><div class=\"stk-block-content stk-inner-blocks stk-89c257c-inner-blocks\">\n<div class=\"wp-block-stackable-columns stk-block-columns stk-block stk-fbd6ef2\" data-block-id=\"fbd6ef2\"><style>.stk-fbd6ef2 {margin-bottom:0px !important;}<\/style><div class=\"stk-row stk-inner-blocks stk-block-content stk-content-align stk-fbd6ef2-column\">\n<div class=\"wp-block-stackable-column stk-block-column stk-column stk-block stk-501bfef\" data-v=\"4\" data-block-id=\"501bfef\"><style>.stk-501bfef-container{margin-top:0px !important;margin-right:0px !important;margin-bottom:0px !important;margin-left:0px !important;}<\/style><div class=\"stk-column-wrapper stk-block-column__content stk-container stk-501bfef-container stk--no-background stk--no-padding\"><div class=\"stk-block-content stk-inner-blocks stk-501bfef-inner-blocks\">\n<div class=\"wp-block-stackable-image stk-block-image stk-block stk-a1d2c31\" data-block-id=\"a1d2c31\"><style>.stk-a1d2c31 .stk-img-wrapper{height:500px !important;}.stk-a1d2c31 .stk-img-wrapper img{object-position:49% 14.000000000000002% !important;}<\/style><figure><span class=\"stk-img-wrapper stk-image--shape-stretch\"><img loading=\"lazy\" decoding=\"async\" class=\"stk-img wp-image-959\" src=\"https:\/\/www.kutahyataksici.com.tr\/wp-content\/uploads\/2026\/02\/ChatGPT-Image-19-Sub-2026-03_17_44-e1771508877663.png\" width=\"1440\" height=\"1024\" srcset=\"https:\/\/www.kutahyataksici.com.tr\/wp-content\/uploads\/2026\/02\/ChatGPT-Image-19-Sub-2026-03_17_44-e1771508877663.png 1440w, https:\/\/www.kutahyataksici.com.tr\/wp-content\/uploads\/2026\/02\/ChatGPT-Image-19-Sub-2026-03_17_44-e1771508877663-300x213.png 300w, https:\/\/www.kutahyataksici.com.tr\/wp-content\/uploads\/2026\/02\/ChatGPT-Image-19-Sub-2026-03_17_44-e1771508877663-1024x728.png 1024w, https:\/\/www.kutahyataksici.com.tr\/wp-content\/uploads\/2026\/02\/ChatGPT-Image-19-Sub-2026-03_17_44-e1771508877663-768x546.png 768w\" sizes=\"auto, (max-width: 1440px) 100vw, 1440px\" \/><\/span><\/figure><\/div>\n<\/div><\/div><\/div>\n<\/div><\/div>\n\n\n\n<div class=\"wp-block-stackable-columns stk-block-columns stk-block stk-25c05c2\" data-block-id=\"25c05c2\"><div class=\"stk-row stk-inner-blocks stk-block-content stk-content-align stk-25c05c2-column\">\n<div class=\"wp-block-stackable-column stk-block-column stk-column stk-block stk-4eef0dd\" data-v=\"4\" data-block-id=\"4eef0dd\"><style>.stk-4eef0dd-container{margin-top:0px !important;margin-right:0px !important;margin-bottom:0px !important;margin-left:0px !important;}.stk-4eef0dd {padding-top:50px !important;padding-right:50px !important;padding-bottom:50px !important;padding-left:50px !important;}@media screen and (max-width:999px){.stk-4eef0dd {padding-top:50px !important;padding-right:50px !important;padding-bottom:50px !important;padding-left:50px !important;}}<\/style><div class=\"stk-column-wrapper stk-block-column__content stk-container stk-4eef0dd-container stk--no-background stk--no-padding\"><div class=\"stk-block-content stk-inner-blocks stk-4eef0dd-inner-blocks\">\n<div class=\"wp-block-stackable-heading stk-block-heading stk-block-heading--v2 stk-block stk-20406ec\" id=\"\ud83d\ude95-kutahyada-7-24-hizli-ve-guvenilir-taksi\" data-block-id=\"20406ec\"><style>.stk-20406ec {margin-bottom:20px !important;}.stk-20406ec .stk-block-heading__text{color:var(--theme-palette-color-8, #ffffff) !important;}@media screen and (max-width:999px){.stk-20406ec .stk-block-heading__text{font-size:20px !important;}}<\/style><h4 class=\"stk-block-heading__text has-text-color has-palette-color-8-color\">\ud83d\ude95 K\u00dcTAHYA\u2019DA 7\/24 HIZLI VE G\u00dcVEN\u0130L\u0130R TAKS\u0130<\/h4><\/div>\n\n\n\n<div class=\"wp-block-stackable-icon-label stk-block-icon-label stk-block stk-9377f2c\" data-block-id=\"9377f2c\"><style>.stk-9377f2c .stk-inner-blocks{gap:25px !important;}.stk-9377f2c {margin-bottom:30px !important;}@media screen and (max-width:999px){.stk-9377f2c .stk-inner-blocks{gap:25px !important;}}@media screen and (max-width:689px){.stk-9377f2c .stk-inner-blocks{gap:25px !important;}}<\/style><div class=\"stk-row stk-inner-blocks stk-block-content\">\n<div class=\"wp-block-stackable-icon stk-block-icon has-text-align-left stk-block stk-53bd1a9\" data-block-id=\"53bd1a9\"><style>.stk-53bd1a9 .stk--svg-wrapper .stk--inner-svg svg:last-child{height:20px !important;width:20px !important;}.stk-53bd1a9 .stk--svg-wrapper .stk--inner-svg svg:last-child, .stk-53bd1a9 .stk--svg-wrapper .stk--inner-svg svg:last-child :is(g, path, rect, polygon, ellipse){fill:var(--theme-palette-color-8, #ffffff) !important;}<\/style><span class=\"stk--svg-wrapper\"><div class=\"stk--inner-svg\"><svg style=\"height:0;width:0\"><defs><linearGradient id=\"linear-gradient-53bd1a9\" x1=\"0\" x2=\"100%\" y1=\"0\" y2=\"0\"><stop offset=\"0%\" style=\"stop-opacity:1;stop-color:var(--linear-gradient-53-bd-1-a-9-color-1)\"><\/stop><stop offset=\"100%\" style=\"stop-opacity:1;stop-color:var(--linear-gradient-53-bd-1-a-9-color-2)\"><\/stop><\/linearGradient><\/defs><\/svg><svg aria-hidden=\"true\" focusable=\"false\" data-prefix=\"fas\" data-icon=\"phone-alt\" class=\"svg-inline--fa fa-phone-alt fa-w-16\" xmlns=\"http:\/\/www.w3.org\/2000\/svg\" viewBox=\"0 0 512 512\" width=\"32\" height=\"32\"><path fill=\"currentColor\" d=\"M497.39 361.8l-112-48a24 24 0 0 0-28 6.9l-49.6 60.6A370.66 370.66 0 0 1 130.6 204.11l60.6-49.6a23.94 23.94 0 0 0 6.9-28l-48-112A24.16 24.16 0 0 0 122.6.61l-104 24A24 24 0 0 0 0 48c0 256.5 207.9 464 464 464a24 24 0 0 0 23.4-18.6l24-104a24.29 24.29 0 0 0-14.01-27.6z\"><\/path><\/svg><\/div><\/span><\/div>\n\n\n\n<div class=\"wp-block-stackable-heading stk-block-heading stk-block-heading--v2 stk-block stk-4b14906\" id=\"0544-462-87-75-0541-270-42-75\" data-block-id=\"4b14906\"><style>.stk-4b14906 .stk-block-heading__text{color:var(--theme-palette-color-8, #ffffff) !important;}<\/style><h6 class=\"stk-block-heading__text has-text-color has-palette-color-8-color stk-block-heading--use-theme-margins\">0544 462 87 75 &#8211; 0541 270 42 75<\/h6><\/div>\n<\/div><\/div>\n\n\n\n<div class=\"wp-block-stackable-icon-label stk-block-icon-label stk-block stk-b215c8d\" data-block-id=\"b215c8d\"><style>.stk-b215c8d .stk-inner-blocks{gap:25px !important;}@media screen and (max-width:999px){.stk-b215c8d .stk-inner-blocks{gap:25px !important;}}@media screen and (max-width:689px){.stk-b215c8d .stk-inner-blocks{gap:25px !important;}}<\/style><div class=\"stk-row stk-inner-blocks stk-block-content\">\n<div class=\"wp-block-stackable-icon stk-block-icon has-text-align-left stk-block stk-b57fcef\" data-block-id=\"b57fcef\"><style>.stk-b57fcef .stk--svg-wrapper .stk--inner-svg svg:last-child{height:20px !important;width:20px !important;}.stk-b57fcef .stk--svg-wrapper .stk--inner-svg svg:last-child, .stk-b57fcef .stk--svg-wrapper .stk--inner-svg svg:last-child :is(g, path, rect, polygon, ellipse){fill:var(--theme-palette-color-8, #ffffff) !important;}<\/style><span class=\"stk--svg-wrapper\"><div class=\"stk--inner-svg\"><svg style=\"height:0;width:0\"><defs><linearGradient id=\"linear-gradient-b57fcef\" x1=\"0\" x2=\"100%\" y1=\"0\" y2=\"0\"><stop offset=\"0%\" style=\"stop-opacity:1;stop-color:var(--linear-gradient-b-57-fcef-color-1)\"><\/stop><stop offset=\"100%\" style=\"stop-opacity:1;stop-color:var(--linear-gradient-b-57-fcef-color-2)\"><\/stop><\/linearGradient><\/defs><\/svg><svg aria-hidden=\"true\" focusable=\"false\" data-prefix=\"far\" data-icon=\"envelope\" class=\"svg-inline--fa fa-envelope fa-w-16\" xmlns=\"http:\/\/www.w3.org\/2000\/svg\" viewBox=\"0 0 512 512\" width=\"32\" height=\"32\"><path fill=\"currentColor\" d=\"M464 64H48C21.49 64 0 85.49 0 112v288c0 26.51 21.49 48 48 48h416c26.51 0 48-21.49 48-48V112c0-26.51-21.49-48-48-48zm0 48v40.805c-22.422 18.259-58.168 46.651-134.587 106.49-16.841 13.247-50.201 45.072-73.413 44.701-23.208.375-56.579-31.459-73.413-44.701C106.18 199.465 70.425 171.067 48 152.805V112h416zM48 400V214.398c22.914 18.251 55.409 43.862 104.938 82.646 21.857 17.205 60.134 55.186 103.062 54.955 42.717.231 80.509-37.199 103.053-54.947 49.528-38.783 82.032-64.401 104.947-82.653V400H48z\"><\/path><\/svg><\/div><\/span><\/div>\n\n\n\n<div class=\"wp-block-stackable-heading stk-block-heading stk-block-heading--v2 stk-block stk-2ed4eca\" id=\"info-kutahyataksici-com-tr\" data-block-id=\"2ed4eca\"><style>.stk-2ed4eca .stk-block-heading__text{color:var(--theme-palette-color-8, #ffffff) !important;}<\/style><h6 class=\"stk-block-heading__text has-text-color has-palette-color-8-color stk-block-heading--use-theme-margins\">info@k\u00fctahyataksici.com.tr<\/h6><\/div>\n<\/div><\/div>\n\n\n\n<div class=\"wp-block-stackable-icon-label stk-block-icon-label stk-block stk-23b2bf9\" data-block-id=\"23b2bf9\"><style>.stk-23b2bf9 .stk-inner-blocks{gap:25px !important;}@media screen and (max-width:999px){.stk-23b2bf9 .stk-inner-blocks{gap:25px !important;}}@media screen and (max-width:689px){.stk-23b2bf9 .stk-inner-blocks{gap:25px !important;}}<\/style><div class=\"stk-row stk-inner-blocks stk-block-content\">\n<div class=\"wp-block-stackable-icon stk-block-icon has-text-align-left stk-block stk-c2c4f72\" data-block-id=\"c2c4f72\"><style>.stk-c2c4f72 .stk--svg-wrapper .stk--inner-svg svg:last-child{height:20px !important;width:20px !important;}.stk-c2c4f72 .stk--svg-wrapper .stk--inner-svg svg:last-child, .stk-c2c4f72 .stk--svg-wrapper .stk--inner-svg svg:last-child :is(g, path, rect, polygon, ellipse){fill:var(--theme-palette-color-8, #ffffff) !important;}<\/style><span class=\"stk--svg-wrapper\"><div class=\"stk--inner-svg\"><svg style=\"height:0;width:0\"><defs><linearGradient id=\"linear-gradient-c2c4f72\" x1=\"0\" x2=\"100%\" y1=\"0\" y2=\"0\"><stop offset=\"0%\" style=\"stop-opacity:1;stop-color:var(--linear-gradient-c-2-c-4-f-72-color-1)\"><\/stop><stop offset=\"100%\" style=\"stop-opacity:1;stop-color:var(--linear-gradient-c-2-c-4-f-72-color-2)\"><\/stop><\/linearGradient><\/defs><\/svg><svg aria-hidden=\"true\" focusable=\"false\" data-prefix=\"fas\" data-icon=\"map-marked-alt\" class=\"svg-inline--fa fa-map-marked-alt fa-w-18\" xmlns=\"http:\/\/www.w3.org\/2000\/svg\" viewBox=\"0 0 576 512\" width=\"32\" height=\"32\"><path fill=\"currentColor\" d=\"M288 0c-69.59 0-126 56.41-126 126 0 56.26 82.35 158.8 113.9 196.02 6.39 7.54 17.82 7.54 24.2 0C331.65 284.8 414 182.26 414 126 414 56.41 357.59 0 288 0zm0 168c-23.2 0-42-18.8-42-42s18.8-42 42-42 42 18.8 42 42-18.8 42-42 42zM20.12 215.95A32.006 32.006 0 0 0 0 245.66v250.32c0 11.32 11.43 19.06 21.94 14.86L160 448V214.92c-8.84-15.98-16.07-31.54-21.25-46.42L20.12 215.95zM288 359.67c-14.07 0-27.38-6.18-36.51-16.96-19.66-23.2-40.57-49.62-59.49-76.72v182l192 64V266c-18.92 27.09-39.82 53.52-59.49 76.72-9.13 10.77-22.44 16.95-36.51 16.95zm266.06-198.51L416 224v288l139.88-55.95A31.996 31.996 0 0 0 576 426.34V176.02c0-11.32-11.43-19.06-21.94-14.86z\"><\/path><\/svg><\/div><\/span><\/div>\n\n\n\n<div class=\"wp-block-stackable-heading stk-block-heading stk-block-heading--v2 stk-block stk-af4d565\" id=\"3\" data-block-id=\"af4d565\"><style>.stk-af4d565 .stk-block-heading__text{color:var(--theme-palette-color-8, #ffffff) !important;}<\/style><h6 class=\"stk-block-heading__text has-text-color has-palette-color-8-color stk-block-heading--use-theme-margins\">Kirazp\u0131nar Mahallesi, 5. Karadeniz Sokak<br>K\u00fctahya Merkez \/ K\u00fctahya<\/h6><\/div>\n<\/div><\/div>\n<\/div><\/div><\/div>\n<\/div><\/div>\n<\/div><\/div><\/div>\n\n\n\n<div class=\"wp-block-stackable-column stk-block-column stk-column stk-block stk-e309a0e\" data-v=\"4\" data-block-id=\"e309a0e\"><style>.stk-e309a0e-container{margin-top:0px !important;margin-right:0px !important;margin-bottom:0px !important;margin-left:0px !important;}.stk-e309a0e {border-style:solid !important;border-color:var(--theme-palette-color-5, #edeff2) !important;border-top-width:1px !important;border-right-width:1px !important;border-bottom-width:1px !important;border-left-width:1px !important;padding-top:50px !important;padding-right:50px !important;padding-bottom:50px !important;padding-left:50px !important;}@media screen and (min-width:690px){.stk-e309a0e {flex:var(--stk-flex-grow, 1) 1 calc(60% - var(--stk-column-gap, 0px) * 1 \/ 2 ) !important;}}@media screen and (min-width:690px) and (max-width:999px){.stk-e309a0e {flex:var(--stk-flex-grow, 1) 1 calc(100% - var(--stk-column-gap, 0px) * 0 \/ 1 ) !important;}}<\/style><div class=\"stk-column-wrapper stk-block-column__content stk-container stk-e309a0e-container stk--no-background stk--no-padding\"><div class=\"stk-block-content stk-inner-blocks stk-e309a0e-inner-blocks\">\n<div class=\"wp-block-stackable-heading stk-block-heading stk-block-heading--v2 stk-block stk-77045f4\" id=\"\ud83d\ude95-strong-profesyonel-kutahya-taksi-hizmeti-icin-hemen-bize-ulasin-strong\" data-block-id=\"77045f4\"><style>@media screen and (max-width:999px){.stk-77045f4 .stk-block-heading__text{font-size:30px !important;}}@media screen and (max-width:689px){.stk-77045f4 .stk-block-heading__text{font-size:25px !important;}}<\/style><h2 class=\"stk-block-heading__text\">\ud83d\ude95 <strong>PROFESYONEL K\u00dcTAHYA TAKS\u0130 H\u0130ZMET\u0130 \u0130\u00c7\u0130N HEMEN B\u0130ZE ULA\u015eIN<\/strong><\/h2><\/div>\n\n\n\n<div class=\"wp-block-stackable-map stk-block-map stk-block stk-b0fcdb4\" data-block-id=\"b0fcdb4\"><style>.stk-b0fcdb4 .stk-block-map__canvas, .stk-b0fcdb4 iframe{height:587px !important;}<\/style><iframe\n\t\t\t\t\t\ttitle=\"Embedded content from Google Maps Platform.\"\n\t\t\t\t\t\tsrc=\"https:\/\/maps.google.com\/maps?q=K\u00dcTAHYA&#038;t=&#038;z=12&#038;ie=UTF8&#038;output=embed\"\n\t\t\t\t\t\tstyle=\"border:0;width:100%;max-width:none;max-height:none;height:100%;\"\n\t\t\t\t\t\taria-hidden=\"false\"\n\t\t\t\t\t\ttabIndex=\"0\"\n\t\t\t\t\t\tallowfullscreen\n\t\t\t\t\t\tloading=\"lazy\"\n\t\t\t\t\t\tframeBorder=\"0\"\n\t\t\t\t\t><\/iframe><\/div>\n<\/div><\/div><\/div>\n<\/div><\/div>\n\n\n\n<div class=\"wp-block-stackable-spacer stk-block-spacer stk--no-padding stk-block stk-380530f\" id=\"house-cleaning\" data-block-id=\"380530f\"><style>.stk-380530f {height:100px !important;}@media screen and (max-width:999px){.stk-380530f {height:70px !important;}}<\/style><\/div>\n\n\n\n<div class=\"wp-block-stackable-columns stk-block-columns stk-block stk-f5a42ed\" data-block-id=\"f5a42ed\"><style>.stk-f5a42ed {max-width:1170px !important;min-width:auto !important;margin-right:auto !important;margin-bottom:50px !important;margin-left:auto !important;}.stk-f5a42ed-column{--stk-column-gap:150px !important;row-gap:50px !important;}<\/style><div class=\"stk-row stk-inner-blocks stk-block-content stk-content-align stk-f5a42ed-column\">\n<div class=\"wp-block-stackable-column stk-block-column stk-column stk-block stk-6708b54\" data-v=\"4\" data-block-id=\"6708b54\"><style>.stk-6708b54-container{margin-top:0px !important;margin-right:0px !important;margin-bottom:0px !important;margin-left:0px !important;}<\/style><div class=\"stk-column-wrapper stk-block-column__content stk-container stk-6708b54-container stk--no-background stk--no-padding\"><div class=\"stk-block-content stk-inner-blocks stk-6708b54-inner-blocks\">\n<div class=\"wp-block-stackable-heading stk-block-heading stk-block-heading--v2 stk-block stk-25269f4\" id=\"\ud83d\ude95-kutahya-taksi-hizmetleri-hakkinda-faydali-bilgiler\" data-block-id=\"25269f4\"><style>.stk-25269f4 {margin-bottom:15px !important;}<\/style><h5 class=\"stk-block-heading__text has-text-align-center-tablet stk-block-heading--use-theme-margins\">\ud83d\ude95 K\u00dcTAHYA TAKS\u0130 H\u0130ZMETLER\u0130 HAKKINDA FAYDALI B\u0130LG\u0130LER<\/h5><\/div>\n\n\n\n<div class=\"wp-block-stackable-text stk-block-text stk-block stk-8098722\" data-block-id=\"8098722\"><p class=\"stk-block-text__text has-text-align-center-tablet\">K\u00fctahya Taksi olarak K\u00fctahya merkez ve t\u00fcm il\u00e7elerde 7\/24 h\u0131zl\u0131, g\u00fcvenli ve konforlu taksi hizmeti sunuyoruz. \u015eehir i\u00e7i ula\u015f\u0131m, \u015fehirleraras\u0131 transfer, havaliman\u0131 ula\u015f\u0131m\u0131 ve VIP taksi hizmetlerimiz ile t\u00fcm ula\u015f\u0131m ihtiya\u00e7lar\u0131n\u0131za profesyonel \u00e7\u00f6z\u00fcmler sa\u011fl\u0131yoruz. Geli\u015fmi\u015f ara\u00e7 y\u00f6nlendirme sistemimiz sayesinde bulundu\u011funuz konuma en k\u0131sa s\u00fcrede ula\u015farak zaman kayb\u0131n\u0131 \u00f6nl\u00fcyoruz.<\/p><\/div>\n\n\n\n<p>K\u00fctahya\u2019da konforlu, g\u00fcvenli ve zaman\u0131nda ula\u015f\u0131m i\u00e7in profesyonel taksi hizmetimizden diledi\u011finiz an yararlanabilirsiniz.<\/p>\n<\/div><\/div><\/div>\n<\/div><\/div>\n\n\n\n<p><\/p>\n","protected":false},"excerpt":{"rendered":"<p>\ud83d\ude95 K\u00dcTAHYA\u2019DA 7\/24 HIZLI VE G\u00dcVEN\u0130L\u0130R TAKS\u0130 0544 462 87 75 &#8211; 0541 270 42 75 info@k\u00fctahyataksici.com.tr Kirazp\u0131nar Mahallesi, 5. Karadeniz SokakK\u00fctahya Merkez \/ K\u00fctahya \ud83d\ude95 PROFESYONEL K\u00dcTAHYA TAKS\u0130 H\u0130ZMET\u0130 \u0130\u00c7\u0130N HEMEN B\u0130ZE ULA\u015eIN \ud83d\ude95 K\u00dcTAHYA TAKS\u0130 H\u0130ZMETLER\u0130 HAKKINDA FAYDALI B\u0130LG\u0130LER K\u00fctahya Taksi olarak K\u00fctahya merkez ve t\u00fcm il\u00e7elerde 7\/24 h\u0131zl\u0131, g\u00fcvenli ve konforlu taksi [&hellip;]<\/p>\n","protected":false},"author":1,"featured_media":0,"parent":0,"menu_order":0,"comment_status":"closed","ping_status":"closed","template":"","meta":{"footnotes":""},"class_list":["post-15","page","type-page","status-publish","hentry"],"blocksy_meta":{"styles_descriptor":{"styles":{"desktop":"","tablet":"","mobile":""},"google_fonts":[],"version":6},"page_title_panel":"","has_hero_section":"disabled","cda82bb2e4e16260b3cfe4404fbc3853":"","hero_section":"type-1","hero_elements":[{"id":"custom_title","enabled":true,"heading_tag":"h1","title":"Home"},{"id":"custom_description","enabled":true,"description_visibility":{"desktop":true,"tablet":true,"mobile":false}},{"id":"custom_meta","enabled":false,"meta_elements":[{"id":"author","enabled":true,"label":"By","has_author_avatar":"yes","avatar_size":25},{"id":"post_date","enabled":true,"label":"On","date_format_source":"default","date_format":"M j, Y"},{"id":"updated_date","enabled":false,"label":"On","date_format_source":"default","date_format":"M j, Y"},{"id":"categories","enabled":false,"label":"In","style":"simple"},{"id":"comments","enabled":true}],"page_meta_elements":{"joined":true,"articles_count":true,"comments":true}},{"id":"breadcrumbs","enabled":false}],"e59dbe0f290b09e48ec55f436c55a3ba":"","hero_alignment1":"CT_CSS_SKIP_RULE","hero_margin":40,"hero_alignment2":"center","hero_vertical_alignment":"center","b8a6f84c44f5f38f8659577cdb74c386":"","hero_structure":"narrow","882fbc74a6ce884c51e0754434aa4b84":"","page_title_bg_type":"featured_image","custom_hero_background":{"attachment_id":null},"page_title_image_size":"full","parallax":{"desktop":false,"tablet":false,"mobile":false},"21ad01e0d813ef3503a297c573def163":"","hero_height":"250px","pageTitleFont":{"family":"Default","variation":"Default","size":"30px","line-height":"CT_CSS_SKIP_RULE","letter-spacing":"CT_CSS_SKIP_RULE","text-transform":"CT_CSS_SKIP_RULE","text-decoration":"CT_CSS_SKIP_RULE"},"pageTitleFontColor":{"default":{"color":"CT_CSS_SKIP_RULEDEFAULT"}},"pageMetaFont":{"family":"Default","variation":"n6","size":"12px","line-height":"1.3","letter-spacing":"CT_CSS_SKIP_RULE","text-transform":"uppercase","text-decoration":"CT_CSS_SKIP_RULE"},"pageMetaFontColor":{"default":{"color":"CT_CSS_SKIP_RULEDEFAULT"},"hover":{"color":"CT_CSS_SKIP_RULEDEFAULT"}},"page_meta_button_type_font_colors":{"default":{"color":"CT_CSS_SKIP_RULEDEFAULT"},"hover":{"color":"CT_CSS_SKIP_RULEDEFAULT"}},"page_meta_button_type_background_colors":{"default":{"color":"CT_CSS_SKIP_RULEDEFAULT"},"hover":{"color":"CT_CSS_SKIP_RULEDEFAULT"}},"pageExcerptFont":{"family":"Default","variation":"Default","size":"CT_CSS_SKIP_RULE","line-height":"CT_CSS_SKIP_RULE","letter-spacing":"CT_CSS_SKIP_RULE","text-transform":"CT_CSS_SKIP_RULE","text-decoration":"CT_CSS_SKIP_RULE"},"pageExcerptColor":{"default":{"color":"CT_CSS_SKIP_RULEDEFAULT"}},"breadcrumbsFont":{"family":"Default","variation":"Default","size":"CT_CSS_SKIP_RULE","line-height":"CT_CSS_SKIP_RULE","letter-spacing":"CT_CSS_SKIP_RULE","text-transform":"CT_CSS_SKIP_RULE","text-decoration":"CT_CSS_SKIP_RULE"},"breadcrumbsFontColor":{"default":{"color":"CT_CSS_SKIP_RULEDEFAULT"},"initial":{"color":"CT_CSS_SKIP_RULEDEFAULT"},"hover":{"color":"CT_CSS_SKIP_RULEDEFAULT"}},"pageTitleOverlay":{"background_type":"color","background_pattern":"type-1","background_image":{"attachment_id":null,"x":0,"y":0},"gradient":"linear-gradient(135deg,rgba(6,147,227,1) 0%,rgb(155,81,224) 100%)","background_repeat":"repeat","background_size":"auto","background_attachment":"scroll","patternColor":{"default":{"color":"#e5e7ea"}},"overlayColor":{"default":{"color":"CT_CSS_SKIP_RULE"}},"backgroundColor":{"default":{"color":"CT_CSS_SKIP_RULE"}}},"pageTitleBackground":{"background_type":"color","background_pattern":"type-1","background_image":{"attachment_id":null,"x":0,"y":0},"gradient":"linear-gradient(135deg,rgba(6,147,227,1) 0%,rgb(155,81,224) 100%)","background_repeat":"repeat","background_size":"auto","background_attachment":"scroll","patternColor":{"default":{"color":"#e5e7ea"}},"overlayColor":{"default":{"color":"CT_CSS_SKIP_RULE"}},"backgroundColor":{"default":{"color":"var(--theme-palette-color-6)"}}},"pageTitlePadding":{"top":"50px","bottom":"50px","left":"auto","right":"auto","linked":true},"d3cbc7e29a08607ca8ed60191211cae6":"","page_structure_type":"default","1abf34b93441b1c44961ac690fe782af":"","content_style_source":"inherit","content_style":"wide","vertical_spacing_source":"custom","content_area_spacing":"none","background":{"background_type":"color","background_pattern":"type-1","background_image":{"attachment_id":null,"x":0,"y":0},"gradient":"linear-gradient(135deg,rgba(6,147,227,1) 0%,rgb(155,81,224) 100%)","background_repeat":"repeat","background_size":"auto","background_attachment":"scroll","patternColor":{"default":{"color":"#e5e7ea"}},"overlayColor":{"default":{"color":"CT_CSS_SKIP_RULE"}},"backgroundColor":{"default":{"color":"CT_CSS_SKIP_RULE"}}},"content_background":{"background_type":"color","background_pattern":"type-1","background_image":{"attachment_id":null,"x":0,"y":0},"gradient":"linear-gradient(135deg,rgba(6,147,227,1) 0%,rgb(155,81,224) 100%)","background_repeat":"repeat","background_size":"auto","background_attachment":"scroll","patternColor":{"default":{"color":"#e5e7ea"}},"overlayColor":{"default":{"color":"CT_CSS_SKIP_RULE"}},"backgroundColor":{"default":{"color":"var(--theme-palette-color-8)"}}},"content_boxed_shadow":{"inherit":false,"blur":18,"spread":-6,"v_offset":12,"h_offset":0,"inset":false,"enable":true,"color":{"color":"rgba(34, 56, 101, 0.04)"}},"boxed_content_spacing":{"desktop":{"top":"40px","bottom":"40px","left":"40px","right":"40px","linked":true},"tablet":{"top":"35px","bottom":"35px","left":"35px","right":"35px","linked":true},"mobile":{"top":"20px","bottom":"20px","left":"20px","right":"20px","linked":true}},"content_boxed_radius":{"top":"3px","bottom":"3px","left":"3px","right":"3px","linked":true},"0fe6c0f04994f31001caabb53c2dd1fe":"","disable_featured_image":"no","disable_share_box":"no","disable_header":"no","disable_footer":"no"},"_links":{"self":[{"href":"https:\/\/www.kutahyataksici.com.tr\/index.php\/wp-json\/wp\/v2\/pages\/15","targetHints":{"allow":["GET"]}}],"collection":[{"href":"https:\/\/www.kutahyataksici.com.tr\/index.php\/wp-json\/wp\/v2\/pages"}],"about":[{"href":"https:\/\/www.kutahyataksici.com.tr\/index.php\/wp-json\/wp\/v2\/types\/page"}],"author":[{"embeddable":true,"href":"https:\/\/www.kutahyataksici.com.tr\/index.php\/wp-json\/wp\/v2\/users\/1"}],"replies":[{"embeddable":true,"href":"https:\/\/www.kutahyataksici.com.tr\/index.php\/wp-json\/wp\/v2\/comments?post=15"}],"version-history":[{"count":30,"href":"https:\/\/www.kutahyataksici.com.tr\/index.php\/wp-json\/wp\/v2\/pages\/15\/revisions"}],"predecessor-version":[{"id":971,"href":"https:\/\/www.kutahyataksici.com.tr\/index.php\/wp-json\/wp\/v2\/pages\/15\/revisions\/971"}],"wp:attachment":[{"href":"https:\/\/www.kutahyataksici.com.tr\/index.php\/wp-json\/wp\/v2\/media?parent=15"}],"curies":[{"name":"wp","href":"https:\/\/api.w.org\/{rel}","templated":true}]}}