{"id":9,"date":"2022-03-29T09:11:31","date_gmt":"2022-03-29T09:11:31","guid":{"rendered":"https:\/\/startersites.io\/blocksy\/cleaning-service\/?page_id=9"},"modified":"2026-02-19T13:46:50","modified_gmt":"2026-02-19T13:46:50","slug":"services","status":"publish","type":"page","link":"https:\/\/www.kutahyataksici.com.tr\/index.php\/services\/","title":{"rendered":"HAKKIMIZDA"},"content":{"rendered":"\n<div class=\"wp-block-stackable-columns alignfull stk-block-columns stk-block stk-460b17c stk-block-background stk--has-background-overlay\" data-block-id=\"460b17c\"><style>.stk-460b17c {background-color:#000000 !important;background-image:url(https:\/\/www.kutahyataksici.com.tr\/wp-content\/uploads\/2026\/02\/WhatsApp-Image-2026-02-19-at-11.08.09.jpeg) !important;padding-top:300px !important;padding-bottom:150px !important;margin-bottom:0px !important;}.stk-460b17c:before{background-color:#000000 !important;opacity:0.7 !important;}@media screen and (max-width:999px){.stk-460b17c {padding-top:250px !important;padding-bottom:100px !important;}}<\/style><div class=\"stk-row stk-inner-blocks stk-block-content stk-content-align stk-460b17c-column\">\n<div class=\"wp-block-stackable-column stk-block-column stk-column stk-block stk-d35fecf\" data-v=\"4\" data-block-id=\"d35fecf\"><style>.stk-d35fecf-container{margin-top:0px !important;margin-right:0px !important;margin-bottom:0px !important;margin-left:0px !important;}.stk-d35fecf {max-width:900px !important;min-width:auto !important;margin-right:auto !important;margin-left:auto !important;}<\/style><div class=\"stk-column-wrapper stk-block-column__content stk-container stk-d35fecf-container stk--no-background stk--no-padding\"><div class=\"stk-block-content stk-inner-blocks stk-d35fecf-inner-blocks\">\n<div class=\"wp-block-stackable-heading stk-block-heading stk-block-heading--v2 stk-block stk-8b0ceb4\" id=\"kutahya-taksi-7-24-guvenli-ve-hizli-ulasim\" data-block-id=\"8b0ceb4\"><style>.stk-8b0ceb4 .stk-block-heading__text{font-size:70px !important;color:var(--theme-palette-color-8, #ffffff) !important;}@media screen and (max-width:999px){.stk-8b0ceb4 .stk-block-heading__text{font-size:40px !important;}}@media screen and (max-width:689px){.stk-8b0ceb4 .stk-block-heading__text{font-size:35px !important;}}<\/style><h2 class=\"stk-block-heading__text has-text-color has-palette-color-8-color has-text-align-center\">\u201cK\u00fctahya Taksi: 7\/24 G\u00fcvenli ve H\u0131zl\u0131 Ula\u015f\u0131m\u201d<\/h2><\/div>\n\n\n\n<p class=\"has-text-align-center has-palette-color-8-color has-text-color has-link-color wp-elements-811a7b995aaa1d6cee3c0579e4a78ce2\"><strong>K\u00fctahya Taksi \u2013 H\u0131zl\u0131, G\u00fcvenli ve Konforlu Yolculuk<\/strong>.<\/p>\n<\/div><\/div><\/div>\n<\/div><\/div>\n\n\n\n<div class=\"wp-block-stackable-columns stk-block-columns stk-block stk-5f4b0da\" id=\"house-cleaning\" data-block-id=\"5f4b0da\"><style>.stk-5f4b0da {margin-bottom:30px !important;}<\/style><div class=\"stk-row stk-inner-blocks stk-block-content stk-content-align stk-5f4b0da-column\">\n<div class=\"wp-block-stackable-column stk-block-column stk-column stk-block stk-175b4b8\" data-v=\"4\" data-block-id=\"175b4b8\"><style>.stk-175b4b8-container{margin-top:0px !important;margin-right:0px !important;margin-bottom:0px !important;margin-left:0px !important;box-shadow:none !important;border-style:solid !important;border-color:var(--theme-palette-color-5, #edeff2) !important;padding-top:70px !important;padding-right:70px !important;padding-bottom:70px !important;padding-left:70px !important;}.stk-175b4b8-container:hover{background-color:var(--theme-palette-color-1, #ffcd05) !important;box-shadow:0px 20px 80px 0px #ffcd0566 !important;border-color:var(--theme-palette-color-1, #ffcd05) !important;}.stk-175b4b8-container:hover:before{background-color:var(--theme-palette-color-1, #ffcd05) !important;}.stk-175b4b8:hover{top:-10px !important;}.stk-175b4b8 {top:0 !important;}@media screen and (max-width:999px){.stk-175b4b8-container{padding-top:50px !important;padding-right:30px !important;padding-bottom:50px !important;padding-left:30px !important;}}<\/style><div class=\"stk-column-wrapper stk-block-column__content stk-container stk-175b4b8-container stk-hover-parent\"><div class=\"stk-block-content stk-inner-blocks stk-175b4b8-inner-blocks\">\n<div class=\"wp-block-stackable-heading stk-block-heading stk-block-heading--v2 stk-block stk-4b7d010\" id=\"kutahya-taksi-olarak-kutahya-merkez-ve-cevresinde-7-24-kesintisiz-taksi-hizmeti-sunuyoruz-sehir-ici-ulasim-sehirlerarasi-transfer-havalimani-ulasimi-ve-vip-taksi-cozumlerimiz-ile-tum-ulasim-ihtiyaclariniza-hizli-ve-guvenli-cozumler-sagliyoruz-kutahya-merkez-basta-olmak-uzere-tum-mahallelere-dakikalar-icinde-ulasarak-zaman-kaybini-en-aza-indiriyor-konforlu-ve-guvenli-bir-yolculuk-deneyimi-sunuyoruz\" data-block-id=\"4b7d010\"><style>.stk-4b7d010 {margin-bottom:20px !important;}<\/style><h5 class=\"stk-block-heading__text has-text-align-center\">K\u00fctahya Taksi olarak K\u00fctahya merkez ve \u00e7evresinde 7\/24 kesintisiz taksi hizmeti sunuyoruz. \u015eehir i\u00e7i ula\u015f\u0131m, \u015fehirleraras\u0131 transfer, havaliman\u0131 ula\u015f\u0131m\u0131 ve VIP taksi \u00e7\u00f6z\u00fcmlerimiz ile t\u00fcm ula\u015f\u0131m ihtiya\u00e7lar\u0131n\u0131za h\u0131zl\u0131 ve g\u00fcvenli \u00e7\u00f6z\u00fcmler sa\u011fl\u0131yoruz. K\u00fctahya merkez ba\u015fta olmak \u00fczere t\u00fcm mahallelere dakikalar i\u00e7inde ula\u015farak zaman kayb\u0131n\u0131 en aza indiriyor, konforlu ve g\u00fcvenli bir yolculuk deneyimi sunuyoruz.<\/h5><\/div>\n\n\n\n<p>Deneyimli s\u00fcr\u00fcc\u00fclerimiz ve bak\u0131ml\u0131 ara\u00e7 filomuz sayesinde K\u00fctahya\u2019da g\u00fcvenilir taksi hizmetinin tercih edilen adresiyiz. G\u00fcn\u00fcn her saatinde ula\u015fabilece\u011finiz profesyonel ekibimiz, acil taksi ihtiya\u00e7lar\u0131n\u0131za h\u0131zl\u0131 ara\u00e7 y\u00f6nlendirmesi yaparak kesintisiz hizmet sunar. \u015eeffaf fiyat politikam\u0131z ve m\u00fc\u015fteri memnuniyeti odakl\u0131 hizmet anlay\u0131\u015f\u0131m\u0131z ile K\u00fctahya\u2019da ekonomik ve kaliteli ula\u015f\u0131m \u00e7\u00f6z\u00fcmleri sa\u011fl\u0131yoruz.<\/p>\n\n\n\n<p>K\u00fctahya \u015fehir i\u00e7i taksi hizmetlerimizin yan\u0131 s\u0131ra \u00e7evre illere \u015fehirleraras\u0131 transfer hizmeti de sunmaktay\u0131z. Havaliman\u0131 transferleri, \u00f6zel yolculuklar ve kurumsal ula\u015f\u0131m ihtiya\u00e7lar\u0131 i\u00e7in planl\u0131 ve konforlu \u00e7\u00f6z\u00fcmler sunarak g\u00fcvenli ula\u015f\u0131m\u0131 garanti ediyoruz. Her yolculukta g\u00fcvenlik, h\u0131z ve konforu \u00f6n planda tutarak profesyonel ula\u015f\u0131m hizmeti veriyoruz.<\/p>\n\n\n\n<p>K\u00fctahya\u2019da 7\/24 taksi hizmeti almak isteyen herkes i\u00e7in h\u0131zl\u0131, g\u00fcvenilir ve konforlu bir ula\u015f\u0131m alternatifi sunmaya devam ediyoruz. Bulundu\u011funuz konuma en k\u0131sa s\u00fcrede ula\u015fan ara\u00e7lar\u0131m\u0131z sayesinde dakikalar i\u00e7inde yolculu\u011funuza ba\u015flayabilir, g\u00fcvenli ve rahat ula\u015f\u0131m\u0131n keyfini \u00e7\u0131karabilirsiniz.<\/p>\n<\/div><\/div><\/div>\n<\/div><\/div>\n\n\n\n<div class=\"wp-block-stackable-columns stk-block-columns stk-block stk-ef4bfed\" data-block-id=\"ef4bfed\"><style>.stk-ef4bfed {margin-bottom:0px !important;}.stk-ef4bfed-column{--stk-column-gap:30px !important;row-gap:30px !important;}<\/style><div class=\"stk-row stk-inner-blocks stk-block-content stk-content-align stk-ef4bfed-column\">\n<div class=\"wp-block-stackable-column stk-block-column stk-column stk-block stk-4d8c454\" data-v=\"4\" data-block-id=\"4d8c454\"><style>.stk-4d8c454-container{margin-top:0px !important;margin-right:0px !important;margin-bottom:0px !important;margin-left:0px !important;box-shadow:none !important;border-style:solid !important;border-color:var(--theme-palette-color-5, #edeff2) !important;padding-top:70px !important;padding-right:70px !important;padding-bottom:70px !important;padding-left:70px !important;}.stk-4d8c454-container:hover{background-color:var(--theme-palette-color-1, #ffcd05) !important;box-shadow:0px 20px 80px 0px #ffcd0566 !important;border-color:var(--theme-palette-color-1, #ffcd05) !important;}.stk-4d8c454-container:hover:before{background-color:var(--theme-palette-color-1, #ffcd05) !important;}.stk-4d8c454:hover{top:-10px !important;}.stk-4d8c454 {top:0 !important;}@media screen and (max-width:999px){.stk-4d8c454-container{padding-top:50px !important;padding-right:30px !important;padding-bottom:50px !important;padding-left:30px !important;}}<\/style><div class=\"stk-column-wrapper stk-block-column__content stk-container stk-4d8c454-container stk-hover-parent\"><div class=\"stk-block-content stk-inner-blocks stk-4d8c454-inner-blocks\">\n<div class=\"wp-block-stackable-heading stk-block-heading stk-block-heading--v2 stk-block stk-d9e1fd1\" id=\"\ud83d\ude95-misyonumuz\" data-block-id=\"d9e1fd1\"><style>.stk-d9e1fd1 {margin-bottom:20px !important;}<\/style><h5 class=\"stk-block-heading__text has-text-align-center\">\ud83d\ude95 M\u0130SYONUMUZ<\/h5><\/div>\n\n\n\n<div class=\"wp-block-stackable-text stk-block-text stk-block stk-a4ef0a5\" data-block-id=\"a4ef0a5\"><style>.stk-a4ef0a5 {margin-bottom:45px !important;}<\/style><p class=\"stk-block-text__text has-text-align-center\">K\u00fctahya Taksi olarak misyonumuz; K\u00fctahya merkez ve t\u00fcm il\u00e7elerde m\u00fc\u015fterilerimize 7\/24 h\u0131zl\u0131, g\u00fcvenli ve konforlu taksi hizmeti sunarak ula\u015f\u0131m\u0131 kolay ve stressiz hale getirmektir. Deneyimli s\u00fcr\u00fcc\u00fclerimiz, bak\u0131ml\u0131 ara\u00e7lar\u0131m\u0131z ve m\u00fc\u015fteri memnuniyeti odakl\u0131 hizmet anlay\u0131\u015f\u0131m\u0131z ile her yolculu\u011fu g\u00fcvenli ve keyifli bir deneyime d\u00f6n\u00fc\u015ft\u00fcrmeyi hedefliyoruz. Zaman\u0131nda ula\u015f\u0131m, uygun fiyat ve kaliteli hizmet ilkelerimizden asla \u00f6d\u00fcn vermeden K\u00fctahya\u2019da g\u00fcvenilir ula\u015f\u0131m \u00e7\u00f6z\u00fcmleri sunmaya devam ediyoruz.<\/p><\/div>\n<\/div><\/div><\/div>\n\n\n\n<div class=\"wp-block-stackable-column stk-block-column stk-column stk-block stk-81ff1ea\" data-v=\"4\" data-block-id=\"81ff1ea\"><style>.stk-81ff1ea-container{margin-top:0px !important;margin-right:0px !important;margin-bottom:0px !important;margin-left:0px !important;box-shadow:none !important;border-style:solid !important;border-color:var(--theme-palette-color-5, #edeff2) !important;padding-top:70px !important;padding-right:70px !important;padding-bottom:70px !important;padding-left:70px !important;}.stk-81ff1ea-container:hover{background-color:var(--theme-palette-color-1, #ffcd05) !important;box-shadow:0px 20px 80px 0px #ffcd0566 !important;border-color:var(--theme-palette-color-1, #ffcd05) !important;}.stk-81ff1ea-container:hover:before{background-color:var(--theme-palette-color-1, #ffcd05) !important;}.stk-81ff1ea:hover{top:-10px !important;}.stk-81ff1ea {top:0 !important;}@media screen and (max-width:999px){.stk-81ff1ea-container{padding-top:50px !important;padding-right:30px !important;padding-bottom:50px !important;padding-left:30px !important;}}<\/style><div class=\"stk-column-wrapper stk-block-column__content stk-container stk-81ff1ea-container stk-hover-parent\"><div class=\"stk-block-content stk-inner-blocks stk-81ff1ea-inner-blocks\">\n<div class=\"wp-block-stackable-heading stk-block-heading stk-block-heading--v2 stk-block stk-5cc0e69\" id=\"\ud83d\ude96-vizyonumuz\" data-block-id=\"5cc0e69\"><style>.stk-5cc0e69 {margin-bottom:20px !important;}<\/style><h5 class=\"stk-block-heading__text has-text-align-center\">\ud83d\ude96 V\u0130ZYONUMUZ<\/h5><\/div>\n\n\n\n<div class=\"wp-block-stackable-text stk-block-text stk-block stk-ea30980\" data-block-id=\"ea30980\"><style>.stk-ea30980 {margin-bottom:45px !important;}<\/style><p class=\"stk-block-text__text has-text-align-center\">Vizyonumuz; K\u00fctahya\u2019da taksi hizmeti denildi\u011finde akla gelen ilk ve en g\u00fcvenilir marka olmak, teknolojiyi yak\u0131ndan takip ederek hizmet kalitemizi s\u00fcrekli geli\u015ftirmek ve m\u00fc\u015fteri memnuniyetinde sekt\u00f6re y\u00f6n veren bir ula\u015f\u0131m firmas\u0131 haline gelmektir. G\u00fcvenli, h\u0131zl\u0131 ve modern ula\u015f\u0131m \u00e7\u00f6z\u00fcmlerimiz ile K\u00fctahya\u2019da lider taksi hizmeti sunan, yenilik\u00e7i ve tercih edilen bir marka olmay\u0131 hedefliyoruz.<\/p><\/div>\n<\/div><\/div><\/div>\n<\/div><\/div>\n\n\n\n<div class=\"wp-block-stackable-columns alignfull stk-block-columns stk-block stk-571b56e stk-block-background\" data-block-id=\"571b56e\"><style>.stk-571b56e {background-color:#000000 !important;padding-top:80px !important;padding-bottom:80px !important;margin-bottom:0px !important;}.stk-571b56e:before{background-color:#000000 !important;}.stk-571b56e-column{--stk-column-gap:50px !important;row-gap:50px !important;}@media screen and (max-width:999px){.stk-571b56e {padding-top:70px !important;padding-bottom:70px !important;}}<\/style><div class=\"stk-row stk-inner-blocks stk-block-content stk-content-align stk-571b56e-column\">\n<div class=\"wp-block-stackable-column stk-block-column stk-column stk-block stk-c163512\" data-v=\"4\" data-block-id=\"c163512\"><style>.stk-c163512-container{margin-top:0px !important;margin-right:0px !important;margin-bottom:0px !important;margin-left:0px !important;}@media screen and (min-width:690px){.stk-c163512 {flex:var(--stk-flex-grow, 1) 1 calc(12% - var(--stk-column-gap, 0px) * 1 \/ 2 ) !important;}}@media screen and (min-width:690px) and (max-width:999px){.stk-c163512 {flex:var(--stk-flex-grow, 1) 1 calc(100% - var(--stk-column-gap, 0px) * 0 \/ 1 ) !important;}}<\/style><div class=\"stk-column-wrapper stk-block-column__content stk-container stk-c163512-container stk--no-background stk--no-padding\"><div class=\"stk-block-content stk-inner-blocks stk-c163512-inner-blocks\">\n<div class=\"wp-block-stackable-icon stk-block-icon has-text-align-center-tablet stk-block stk-2f0d8b9\" data-block-id=\"2f0d8b9\"><style>.stk-2f0d8b9 {margin-top:15px !important;}.stk-2f0d8b9 .stk--svg-wrapper .stk--inner-svg svg:last-child{height:100px !important;width:100px !important;}.stk-2f0d8b9 .stk--svg-wrapper .stk--inner-svg svg:last-child, .stk-2f0d8b9 .stk--svg-wrapper .stk--inner-svg svg:last-child :is(g, path, rect, polygon, ellipse){fill:var(--theme-palette-color-8, #ffffff) !important;}@media screen and (max-width:999px){.stk-2f0d8b9 .stk--svg-wrapper .stk--inner-svg svg:last-child{height:60px !important;width:60px !important;}}<\/style><span class=\"stk--svg-wrapper\"><div class=\"stk--inner-svg\"><svg style=\"height:0;width:0\"><defs><linearGradient id=\"linear-gradient-2f0d8b9\" x1=\"0\" x2=\"100%\" y1=\"0\" y2=\"0\"><stop offset=\"0%\" style=\"stop-opacity:1;stop-color:var(--linear-gradient-2-f-0-d-8-b-9-color-1)\"><\/stop><stop offset=\"100%\" style=\"stop-opacity:1;stop-color:var(--linear-gradient-2-f-0-d-8-b-9-color-2)\"><\/stop><\/linearGradient><\/defs><\/svg><svg xmlns=\"http:\/\/www.w3.org\/2000\/svg\" viewBox=\"0 0 512 512\" aria-hidden=\"true\" width=\"32\" height=\"32\"><path d=\"M165.4 96H346.6c13.6 0 25.7 8.6 30.2 21.4L402.9 192H109.1l26.1-74.6c4.5-12.8 16.6-21.4 30.2-21.4zm-90.6 .3L39.6 196.8C16.4 206.4 0 229.3 0 256v80c0 23.7 12.9 44.4 32 55.4V448c0 17.7 14.3 32 32 32H96c17.7 0 32-14.3 32-32V400H384v48c0 17.7 14.3 32 32 32h32c17.7 0 32-14.3 32-32V391.4c19.1-11.1 32-31.7 32-55.4V256c0-26.7-16.4-49.6-39.6-59.2L437.2 96.3C423.7 57.8 387.4 32 346.6 32H165.4c-40.8 0-77.1 25.8-90.6 64.3zM208 272h96c8.8 0 16 7.2 16 16v32c0 8.8-7.2 16-16 16H208c-8.8 0-16-7.2-16-16V288c0-8.8 7.2-16 16-16zM48 280c0-13.3 10.7-24 24-24h32c13.3 0 24 10.7 24 24s-10.7 24-24 24H72c-13.3 0-24-10.7-24-24zm360-24h32c13.3 0 24 10.7 24 24s-10.7 24-24 24H408c-13.3 0-24-10.7-24-24s10.7-24 24-24z\"\/><\/svg><\/div><\/span><\/div>\n<\/div><\/div><\/div>\n\n\n\n<div class=\"wp-block-stackable-column stk-block-column stk-column stk-block stk-34e621f\" data-v=\"4\" data-block-id=\"34e621f\"><style>.stk-34e621f-container{margin-top:0px !important;margin-right:0px !important;margin-bottom:0px !important;margin-left:0px !important;}@media screen and (min-width:690px){.stk-34e621f {flex:var(--stk-flex-grow, 1) 1 calc(88% - var(--stk-column-gap, 0px) * 1 \/ 2 ) !important;}}@media screen and (min-width:690px) and (max-width:999px){.stk-34e621f {flex:var(--stk-flex-grow, 1) 1 calc(100% - var(--stk-column-gap, 0px) * 0 \/ 1 ) !important;}}<\/style><div class=\"stk-column-wrapper stk-block-column__content stk-container stk-34e621f-container stk--no-background stk--no-padding\"><div class=\"stk-block-content stk-inner-blocks stk-34e621f-inner-blocks\">\n<div class=\"wp-block-stackable-heading stk-block-heading stk-block-heading--v2 stk-block stk-1711d92\" id=\"strong-kutahyada-7-24-guvenilir-taksi-hizmeti-icin-dogru-adres-strong\" data-block-id=\"1711d92\"><style>.stk-1711d92 .stk-block-heading__text{font-size:50px !important;color:var(--theme-palette-color-8, #ffffff) !important;}@media screen and (max-width:999px){.stk-1711d92 {margin-bottom:20px !important;}.stk-1711d92 .stk-block-heading__text{font-size:30px !important;}}@media screen and (max-width:689px){.stk-1711d92 .stk-block-heading__text{font-size:25px !important;}}<\/style><h2 class=\"stk-block-heading__text has-text-color has-palette-color-8-color has-text-align-center-tablet\"> <strong>K\u00fctahya\u2019da 7\/24 G\u00fcvenilir Taksi Hizmeti \u0130\u00e7in Do\u011fru Adres!<\/strong><\/h2><\/div>\n<\/div><\/div><\/div>\n<\/div><\/div>\n\n\n\n<p><\/p>\n","protected":false},"excerpt":{"rendered":"<p>\u201cK\u00fctahya Taksi: 7\/24 G\u00fcvenli ve H\u0131zl\u0131 Ula\u015f\u0131m\u201d K\u00fctahya Taksi \u2013 H\u0131zl\u0131, G\u00fcvenli ve Konforlu Yolculuk. K\u00fctahya Taksi olarak K\u00fctahya merkez ve \u00e7evresinde 7\/24 kesintisiz taksi hizmeti sunuyoruz. \u015eehir i\u00e7i ula\u015f\u0131m, \u015fehirleraras\u0131 transfer, havaliman\u0131 ula\u015f\u0131m\u0131 ve VIP taksi \u00e7\u00f6z\u00fcmlerimiz ile t\u00fcm ula\u015f\u0131m ihtiya\u00e7lar\u0131n\u0131za h\u0131zl\u0131 ve g\u00fcvenli \u00e7\u00f6z\u00fcmler sa\u011fl\u0131yoruz. K\u00fctahya merkez ba\u015fta olmak \u00fczere t\u00fcm mahallelere dakikalar [&hellip;]<\/p>\n","protected":false},"author":1,"featured_media":0,"parent":0,"menu_order":0,"comment_status":"closed","ping_status":"closed","template":"","meta":{"footnotes":""},"class_list":["post-9","page","type-page","status-publish","hentry"],"blocksy_meta":{"styles_descriptor":{"styles":{"desktop":"","tablet":"","mobile":""},"google_fonts":[],"version":6},"page_title_panel":"","has_hero_section":"disabled","0fa4e1218e27d8aed3052443ada80200":"","hero_section":"type-1","hero_elements":[{"id":"custom_title","enabled":true,"heading_tag":"h1","title":"Home"},{"id":"custom_description","enabled":true,"description_visibility":{"desktop":true,"tablet":true,"mobile":false}},{"id":"custom_meta","enabled":false,"meta_elements":[{"id":"author","enabled":true,"label":"By","has_author_avatar":"yes","avatar_size":25},{"id":"post_date","enabled":true,"label":"On","date_format_source":"default","date_format":"M j, Y"},{"id":"updated_date","enabled":false,"label":"On","date_format_source":"default","date_format":"M j, Y"},{"id":"categories","enabled":false,"label":"In","style":"simple"},{"id":"comments","enabled":true}],"page_meta_elements":{"joined":true,"articles_count":true,"comments":true}},{"id":"breadcrumbs","enabled":false}],"51521a7c38c1c996c14247898d9d7fe3":"","hero_alignment1":"CT_CSS_SKIP_RULE","hero_margin":40,"hero_alignment2":"center","hero_vertical_alignment":"center","2bc015fafc2dc870d98702bdd932f751":"","hero_structure":"narrow","e25e8d2af42f9ebf88781ccc5b61ace6":"","page_title_bg_type":"featured_image","custom_hero_background":{"attachment_id":null},"page_title_image_size":"full","parallax":{"desktop":false,"tablet":false,"mobile":false},"fea6f59d367d128f8611865e0768a444":"","hero_height":"250px","pageTitleFont":{"family":"Default","variation":"Default","size":"30px","line-height":"CT_CSS_SKIP_RULE","letter-spacing":"CT_CSS_SKIP_RULE","text-transform":"CT_CSS_SKIP_RULE","text-decoration":"CT_CSS_SKIP_RULE"},"pageTitleFontColor":{"default":{"color":"CT_CSS_SKIP_RULEDEFAULT"}},"pageMetaFont":{"family":"Default","variation":"n6","size":"12px","line-height":"1.3","letter-spacing":"CT_CSS_SKIP_RULE","text-transform":"uppercase","text-decoration":"CT_CSS_SKIP_RULE"},"pageMetaFontColor":{"default":{"color":"CT_CSS_SKIP_RULEDEFAULT"},"hover":{"color":"CT_CSS_SKIP_RULEDEFAULT"}},"page_meta_button_type_font_colors":{"default":{"color":"CT_CSS_SKIP_RULEDEFAULT"},"hover":{"color":"CT_CSS_SKIP_RULEDEFAULT"}},"page_meta_button_type_background_colors":{"default":{"color":"CT_CSS_SKIP_RULEDEFAULT"},"hover":{"color":"CT_CSS_SKIP_RULEDEFAULT"}},"pageExcerptFont":{"family":"Default","variation":"Default","size":"CT_CSS_SKIP_RULE","line-height":"CT_CSS_SKIP_RULE","letter-spacing":"CT_CSS_SKIP_RULE","text-transform":"CT_CSS_SKIP_RULE","text-decoration":"CT_CSS_SKIP_RULE"},"pageExcerptColor":{"default":{"color":"CT_CSS_SKIP_RULEDEFAULT"}},"breadcrumbsFont":{"family":"Default","variation":"Default","size":"CT_CSS_SKIP_RULE","line-height":"CT_CSS_SKIP_RULE","letter-spacing":"CT_CSS_SKIP_RULE","text-transform":"CT_CSS_SKIP_RULE","text-decoration":"CT_CSS_SKIP_RULE"},"breadcrumbsFontColor":{"default":{"color":"CT_CSS_SKIP_RULEDEFAULT"},"initial":{"color":"CT_CSS_SKIP_RULEDEFAULT"},"hover":{"color":"CT_CSS_SKIP_RULEDEFAULT"}},"pageTitleOverlay":{"background_type":"color","background_pattern":"type-1","background_image":{"attachment_id":null,"x":0,"y":0},"gradient":"linear-gradient(135deg,rgba(6,147,227,1) 0%,rgb(155,81,224) 100%)","background_repeat":"repeat","background_size":"auto","background_attachment":"scroll","patternColor":{"default":{"color":"#e5e7ea"}},"overlayColor":{"default":{"color":"CT_CSS_SKIP_RULE"}},"backgroundColor":{"default":{"color":"CT_CSS_SKIP_RULE"}}},"pageTitleBackground":{"background_type":"color","background_pattern":"type-1","background_image":{"attachment_id":null,"x":0,"y":0},"gradient":"linear-gradient(135deg,rgba(6,147,227,1) 0%,rgb(155,81,224) 100%)","background_repeat":"repeat","background_size":"auto","background_attachment":"scroll","patternColor":{"default":{"color":"#e5e7ea"}},"overlayColor":{"default":{"color":"CT_CSS_SKIP_RULE"}},"backgroundColor":{"default":{"color":"var(--theme-palette-color-6)"}}},"pageTitlePadding":{"top":"50px","bottom":"50px","left":"auto","right":"auto","linked":true},"73f4114907b24beb8ed5f708747f2d9f":"","page_structure_type":"default","b626774914cf01377c8f1592e57d3895":"","content_style_source":"inherit","content_style":"wide","vertical_spacing_source":"custom","content_area_spacing":"none","background":{"background_type":"color","background_pattern":"type-1","background_image":{"attachment_id":null,"x":0,"y":0},"gradient":"linear-gradient(135deg,rgba(6,147,227,1) 0%,rgb(155,81,224) 100%)","background_repeat":"repeat","background_size":"auto","background_attachment":"scroll","patternColor":{"default":{"color":"#e5e7ea"}},"overlayColor":{"default":{"color":"CT_CSS_SKIP_RULE"}},"backgroundColor":{"default":{"color":"CT_CSS_SKIP_RULE"}}},"content_background":{"background_type":"color","background_pattern":"type-1","background_image":{"attachment_id":null,"x":0,"y":0},"gradient":"linear-gradient(135deg,rgba(6,147,227,1) 0%,rgb(155,81,224) 100%)","background_repeat":"repeat","background_size":"auto","background_attachment":"scroll","patternColor":{"default":{"color":"#e5e7ea"}},"overlayColor":{"default":{"color":"CT_CSS_SKIP_RULE"}},"backgroundColor":{"default":{"color":"var(--theme-palette-color-8)"}}},"content_boxed_shadow":{"inherit":false,"blur":18,"spread":-6,"v_offset":12,"h_offset":0,"inset":false,"enable":true,"color":{"color":"rgba(34, 56, 101, 0.04)"}},"boxed_content_spacing":{"desktop":{"top":"40px","bottom":"40px","left":"40px","right":"40px","linked":true},"tablet":{"top":"35px","bottom":"35px","left":"35px","right":"35px","linked":true},"mobile":{"top":"20px","bottom":"20px","left":"20px","right":"20px","linked":true}},"content_boxed_radius":{"top":"3px","bottom":"3px","left":"3px","right":"3px","linked":true},"8f26b7b44db953546fa2eb5d5286d9e0":"","disable_featured_image":"no","disable_share_box":"no","disable_header":"no","disable_footer":"no"},"_links":{"self":[{"href":"https:\/\/www.kutahyataksici.com.tr\/index.php\/wp-json\/wp\/v2\/pages\/9","targetHints":{"allow":["GET"]}}],"collection":[{"href":"https:\/\/www.kutahyataksici.com.tr\/index.php\/wp-json\/wp\/v2\/pages"}],"about":[{"href":"https:\/\/www.kutahyataksici.com.tr\/index.php\/wp-json\/wp\/v2\/types\/page"}],"author":[{"embeddable":true,"href":"https:\/\/www.kutahyataksici.com.tr\/index.php\/wp-json\/wp\/v2\/users\/1"}],"replies":[{"embeddable":true,"href":"https:\/\/www.kutahyataksici.com.tr\/index.php\/wp-json\/wp\/v2\/comments?post=9"}],"version-history":[{"count":39,"href":"https:\/\/www.kutahyataksici.com.tr\/index.php\/wp-json\/wp\/v2\/pages\/9\/revisions"}],"predecessor-version":[{"id":966,"href":"https:\/\/www.kutahyataksici.com.tr\/index.php\/wp-json\/wp\/v2\/pages\/9\/revisions\/966"}],"wp:attachment":[{"href":"https:\/\/www.kutahyataksici.com.tr\/index.php\/wp-json\/wp\/v2\/media?parent=9"}],"curies":[{"name":"wp","href":"https:\/\/api.w.org\/{rel}","templated":true}]}}